{"id":11010,"date":"2024-03-30T18:46:40","date_gmt":"2024-03-30T18:46:40","guid":{"rendered":"https:\/\/baccandrain.fr\/?page_id=11010"},"modified":"2024-03-31T10:12:09","modified_gmt":"2024-03-31T10:12:09","slug":"enfants","status":"publish","type":"page","link":"https:\/\/baccandrain.fr\/index.php\/enfants\/","title":{"rendered":"\ud83e\uddf8 Enfants \ud83c\udf7c"},"content":{"rendered":"<section class=\"wpb-content-wrapper\"><p>[vc_row][vc_column]<div class=\"eltdf-pl-holder eltdf-grid-list eltdf-disable-bottom-space eltdf-standard-layout eltdf-four-columns eltdf-normal-space eltdf-info-on-image  eltdf-product-add-to-cart-in-box     eltdf-hover-type-simple custom-text-position-left eltdf-navigation-bellow-slider\"  data-type=standard data-info-position=info-on-image data-number-of-posts=27 data-with-custom-text-position=left data-number-of-columns=four data-space-between-items=normal data-orderby=menu_order data-order=ASC data-show-all-item-in-filter=yes data-taxonomy-to-display=category data-taxonomy-values=kids data-show-category-filter=no data-image-size=full data-display-title=yes data-title-tag=h5 data-display-category=yes data-display-excerpt=no data-excerpt-length=50 data-display-rating=no data-display-price=yes data-display-button=yes data-button-skin=default data-hover-type=simple data-number-of-visible-items=3 data-slider-loop=yes data-slider-autoplay=yes data-slider-speed=5000 data-slider-speed-animation=600 data-slider-navigation=yes data-slider-navigation-position=bellow-slider data-slider-pagination=yes data-class-name=pli data-max-num-pages=1 data-next-page=2>\n            <div class=\"eltdf-prl-loading\">\n        <span class=\"eltdf-prl-loading-msg\">Loading...<\/span>\n    <\/div>\n    <div class=\"eltdf-pl-outer eltdf-outer-space\">\n        <div class=\"eltdf-pli eltdf-item-space \">\n\t<div class=\"eltdf-pli-inner\">\n\t\t<div class=\"eltdf-pli-image\">\n\t\t\t\n<img loading=\"lazy\" decoding=\"async\" width=\"2000\" height=\"2000\" src=\"https:\/\/baccandrain.fr\/wp-content\/uploads\/2024\/03\/organic-cotton-baby-bodysuit-organic-natural-front-66094f7874db4.jpg\" class=\"attachment-full size-full wp-post-image\" alt=\"\" srcset=\"https:\/\/baccandrain.fr\/wp-content\/uploads\/2024\/03\/organic-cotton-baby-bodysuit-organic-natural-front-66094f7874db4.jpg 2000w, https:\/\/baccandrain.fr\/wp-content\/uploads\/2024\/03\/organic-cotton-baby-bodysuit-organic-natural-front-66094f7874db4-300x300.jpg 300w, https:\/\/baccandrain.fr\/wp-content\/uploads\/2024\/03\/organic-cotton-baby-bodysuit-organic-natural-front-66094f7874db4-1024x1024.jpg 1024w, https:\/\/baccandrain.fr\/wp-content\/uploads\/2024\/03\/organic-cotton-baby-bodysuit-organic-natural-front-66094f7874db4-150x150.jpg 150w, https:\/\/baccandrain.fr\/wp-content\/uploads\/2024\/03\/organic-cotton-baby-bodysuit-organic-natural-front-66094f7874db4-768x768.jpg 768w, https:\/\/baccandrain.fr\/wp-content\/uploads\/2024\/03\/organic-cotton-baby-bodysuit-organic-natural-front-66094f7874db4-1536x1536.jpg 1536w, https:\/\/baccandrain.fr\/wp-content\/uploads\/2024\/03\/organic-cotton-baby-bodysuit-organic-natural-front-66094f7874db4-650x650.jpg 650w, https:\/\/baccandrain.fr\/wp-content\/uploads\/2024\/03\/organic-cotton-baby-bodysuit-organic-natural-front-66094f7874db4-1300x1300.jpg 1300w, https:\/\/baccandrain.fr\/wp-content\/uploads\/2024\/03\/organic-cotton-baby-bodysuit-organic-natural-front-66094f7874db4-600x600.jpg 600w, https:\/\/baccandrain.fr\/wp-content\/uploads\/2024\/03\/organic-cotton-baby-bodysuit-organic-natural-front-66094f7874db4-100x100.jpg 100w\" sizes=\"auto, (max-width: 2000px) 100vw, 2000px\" \/>\t\t<\/div>\n\t\t<div class=\"eltdf-pli-text\" >\n\t\t\t<div class=\"eltdf-pli-text-outer\">\n\t\t\t\t<div class=\"eltdf-pli-text-inner\">\n\t\t\t\t\t    <h5 itemprop=\"name\" class=\"entry-title eltdf-pli-title\" >\n\t\t<a itemprop=\"url\" href=\"https:\/\/baccandrain.fr\/index.php\/product\/maine-coon-body-en-coton-bio-bebe\/\">Maine coon: Body en coton bio b\u00e9b\u00e9<\/a>\n\t<\/h5>\n\t\t\t\t\t\n\t\t\t\t\t\t\t<p class=\"eltdf-pli-category\"><a href=\"https:\/\/baccandrain.fr\/index.php\/product-category\/animaux\/\" rel=\"tag\">animaux<\/a>, <a href=\"https:\/\/baccandrain.fr\/index.php\/product-category\/kids\/\" rel=\"tag\">kids<\/a><\/p>\n\t\t\t\t\t\t\n\t\t\t\t\t\t\t\t\t\t\n\t\t\t\t\t\t\t\t\t\t\n\t\t\t\t\t\t<div class=\"eltdf-pli-price\" ><span class=\"woocommerce-Price-amount amount\">15,00&nbsp;<span class=\"woocommerce-Price-currencySymbol\">&euro;<\/span><\/span><\/div>\n\n                    <div class=\"eltdf-pli-icons-holder\">\n                        \t\n\t<div class=\"eltdf-pli-add-to-cart eltdf-default-skin \" >\n\t\t<a rel=\"nofollow\" href=\"https:\/\/baccandrain.fr\/index.php\/product\/maine-coon-body-en-coton-bio-bebe\/\" data-quantity=\"1\" data-product_id=\"11070\" data-product_sku=\"\" class=\"button product_type_variable add_to_cart_button eltdf-button\">Choix des options<\/a>\t<\/div>\n\n<div\n\tclass=\"yith-wcwl-add-to-wishlist add-to-wishlist-11070 yith-wcwl-add-to-wishlist--link-style wishlist-fragment on-first-load\"\n\tdata-fragment-ref=\"11070\"\n\tdata-fragment-options=\"{&quot;base_url&quot;:&quot;&quot;,&quot;product_id&quot;:11070,&quot;parent_product_id&quot;:0,&quot;product_type&quot;:&quot;variable&quot;,&quot;is_single&quot;:false,&quot;in_default_wishlist&quot;:false,&quot;show_view&quot;:false,&quot;browse_wishlist_text&quot;:&quot;Browse wishlist&quot;,&quot;already_in_wishslist_text&quot;:&quot;The product is already in your wishlist!&quot;,&quot;product_added_text&quot;:&quot;Product added!&quot;,&quot;available_multi_wishlist&quot;:false,&quot;disable_wishlist&quot;:false,&quot;show_count&quot;:false,&quot;ajax_loading&quot;:false,&quot;loop_position&quot;:&quot;after_add_to_cart&quot;,&quot;item&quot;:&quot;add_to_wishlist&quot;}\"\n>\n\t<\/div>\n\n                    <\/div>\n                <\/div>\n\t\t\t<\/div>\n\t\t<\/div>\n\t\t<a class=\"eltdf-pli-link\" itemprop=\"url\" href=\"https:\/\/baccandrain.fr\/index.php\/product\/maine-coon-body-en-coton-bio-bebe\/\" title=\"Maine coon: Body en coton bio b\u00e9b\u00e9\"><\/a>\n\t<\/div>\n<\/div><div class=\"eltdf-pli eltdf-item-space \">\n\t<div class=\"eltdf-pli-inner\">\n\t\t<div class=\"eltdf-pli-image\">\n\t\t\t\n<img loading=\"lazy\" decoding=\"async\" width=\"2000\" height=\"2000\" src=\"https:\/\/baccandrain.fr\/wp-content\/uploads\/2024\/03\/organic-cotton-baby-bodysuit-organic-natural-front-6609511ea0485.jpg\" class=\"attachment-full size-full wp-post-image\" alt=\"\" srcset=\"https:\/\/baccandrain.fr\/wp-content\/uploads\/2024\/03\/organic-cotton-baby-bodysuit-organic-natural-front-6609511ea0485.jpg 2000w, https:\/\/baccandrain.fr\/wp-content\/uploads\/2024\/03\/organic-cotton-baby-bodysuit-organic-natural-front-6609511ea0485-300x300.jpg 300w, https:\/\/baccandrain.fr\/wp-content\/uploads\/2024\/03\/organic-cotton-baby-bodysuit-organic-natural-front-6609511ea0485-1024x1024.jpg 1024w, https:\/\/baccandrain.fr\/wp-content\/uploads\/2024\/03\/organic-cotton-baby-bodysuit-organic-natural-front-6609511ea0485-150x150.jpg 150w, https:\/\/baccandrain.fr\/wp-content\/uploads\/2024\/03\/organic-cotton-baby-bodysuit-organic-natural-front-6609511ea0485-768x768.jpg 768w, https:\/\/baccandrain.fr\/wp-content\/uploads\/2024\/03\/organic-cotton-baby-bodysuit-organic-natural-front-6609511ea0485-1536x1536.jpg 1536w, https:\/\/baccandrain.fr\/wp-content\/uploads\/2024\/03\/organic-cotton-baby-bodysuit-organic-natural-front-6609511ea0485-650x650.jpg 650w, https:\/\/baccandrain.fr\/wp-content\/uploads\/2024\/03\/organic-cotton-baby-bodysuit-organic-natural-front-6609511ea0485-1300x1300.jpg 1300w, https:\/\/baccandrain.fr\/wp-content\/uploads\/2024\/03\/organic-cotton-baby-bodysuit-organic-natural-front-6609511ea0485-600x600.jpg 600w, https:\/\/baccandrain.fr\/wp-content\/uploads\/2024\/03\/organic-cotton-baby-bodysuit-organic-natural-front-6609511ea0485-100x100.jpg 100w\" sizes=\"auto, (max-width: 2000px) 100vw, 2000px\" \/>\t\t<\/div>\n\t\t<div class=\"eltdf-pli-text\" >\n\t\t\t<div class=\"eltdf-pli-text-outer\">\n\t\t\t\t<div class=\"eltdf-pli-text-inner\">\n\t\t\t\t\t    <h5 itemprop=\"name\" class=\"entry-title eltdf-pli-title\" >\n\t\t<a itemprop=\"url\" href=\"https:\/\/baccandrain.fr\/index.php\/product\/bouledogue-francais-body-en-coton-bio-bebe\/\">Bouledogue fran\u00e7ais: Body en coton bio b\u00e9b\u00e9<\/a>\n\t<\/h5>\n\t\t\t\t\t\n\t\t\t\t\t\t\t<p class=\"eltdf-pli-category\"><a href=\"https:\/\/baccandrain.fr\/index.php\/product-category\/animaux\/\" rel=\"tag\">animaux<\/a>, <a href=\"https:\/\/baccandrain.fr\/index.php\/product-category\/kids\/\" rel=\"tag\">kids<\/a><\/p>\n\t\t\t\t\t\t\n\t\t\t\t\t\t\t\t\t\t\n\t\t\t\t\t\t\t\t\t\t\n\t\t\t\t\t\t<div class=\"eltdf-pli-price\" ><span class=\"woocommerce-Price-amount amount\">15,00&nbsp;<span class=\"woocommerce-Price-currencySymbol\">&euro;<\/span><\/span><\/div>\n\n                    <div class=\"eltdf-pli-icons-holder\">\n                        \t\n\t<div class=\"eltdf-pli-add-to-cart eltdf-default-skin \" >\n\t\t<a rel=\"nofollow\" href=\"https:\/\/baccandrain.fr\/index.php\/product\/bouledogue-francais-body-en-coton-bio-bebe\/\" data-quantity=\"1\" data-product_id=\"11081\" data-product_sku=\"\" class=\"button product_type_variable add_to_cart_button eltdf-button\">Choix des options<\/a>\t<\/div>\n\n<div\n\tclass=\"yith-wcwl-add-to-wishlist add-to-wishlist-11081 yith-wcwl-add-to-wishlist--link-style wishlist-fragment on-first-load\"\n\tdata-fragment-ref=\"11081\"\n\tdata-fragment-options=\"{&quot;base_url&quot;:&quot;&quot;,&quot;product_id&quot;:11081,&quot;parent_product_id&quot;:0,&quot;product_type&quot;:&quot;variable&quot;,&quot;is_single&quot;:false,&quot;in_default_wishlist&quot;:false,&quot;show_view&quot;:false,&quot;browse_wishlist_text&quot;:&quot;Browse wishlist&quot;,&quot;already_in_wishslist_text&quot;:&quot;The product is already in your wishlist!&quot;,&quot;product_added_text&quot;:&quot;Product added!&quot;,&quot;available_multi_wishlist&quot;:false,&quot;disable_wishlist&quot;:false,&quot;show_count&quot;:false,&quot;ajax_loading&quot;:false,&quot;loop_position&quot;:&quot;after_add_to_cart&quot;,&quot;item&quot;:&quot;add_to_wishlist&quot;}\"\n>\n\t<\/div>\n\n                    <\/div>\n                <\/div>\n\t\t\t<\/div>\n\t\t<\/div>\n\t\t<a class=\"eltdf-pli-link\" itemprop=\"url\" href=\"https:\/\/baccandrain.fr\/index.php\/product\/bouledogue-francais-body-en-coton-bio-bebe\/\" title=\"Bouledogue fran\u00e7ais: Body en coton bio b\u00e9b\u00e9\"><\/a>\n\t<\/div>\n<\/div><div class=\"eltdf-pli eltdf-item-space \">\n\t<div class=\"eltdf-pli-inner\">\n\t\t<div class=\"eltdf-pli-image\">\n\t\t\t\n<img loading=\"lazy\" decoding=\"async\" width=\"2000\" height=\"2000\" src=\"https:\/\/baccandrain.fr\/wp-content\/uploads\/2025\/09\/organic-cotton-kids-t-shirt-white-front-68c6de40355cb.jpg\" class=\"attachment-full size-full wp-post-image\" alt=\"\" srcset=\"https:\/\/baccandrain.fr\/wp-content\/uploads\/2025\/09\/organic-cotton-kids-t-shirt-white-front-68c6de40355cb.jpg 2000w, https:\/\/baccandrain.fr\/wp-content\/uploads\/2025\/09\/organic-cotton-kids-t-shirt-white-front-68c6de40355cb-300x300.jpg 300w, https:\/\/baccandrain.fr\/wp-content\/uploads\/2025\/09\/organic-cotton-kids-t-shirt-white-front-68c6de40355cb-1024x1024.jpg 1024w, https:\/\/baccandrain.fr\/wp-content\/uploads\/2025\/09\/organic-cotton-kids-t-shirt-white-front-68c6de40355cb-150x150.jpg 150w, https:\/\/baccandrain.fr\/wp-content\/uploads\/2025\/09\/organic-cotton-kids-t-shirt-white-front-68c6de40355cb-768x768.jpg 768w, https:\/\/baccandrain.fr\/wp-content\/uploads\/2025\/09\/organic-cotton-kids-t-shirt-white-front-68c6de40355cb-1536x1536.jpg 1536w, https:\/\/baccandrain.fr\/wp-content\/uploads\/2025\/09\/organic-cotton-kids-t-shirt-white-front-68c6de40355cb-650x650.jpg 650w, https:\/\/baccandrain.fr\/wp-content\/uploads\/2025\/09\/organic-cotton-kids-t-shirt-white-front-68c6de40355cb-1300x1300.jpg 1300w, https:\/\/baccandrain.fr\/wp-content\/uploads\/2025\/09\/organic-cotton-kids-t-shirt-white-front-68c6de40355cb-600x600.jpg 600w, https:\/\/baccandrain.fr\/wp-content\/uploads\/2025\/09\/organic-cotton-kids-t-shirt-white-front-68c6de40355cb-100x100.jpg 100w\" sizes=\"auto, (max-width: 2000px) 100vw, 2000px\" \/>\t\t<\/div>\n\t\t<div class=\"eltdf-pli-text\" >\n\t\t\t<div class=\"eltdf-pli-text-outer\">\n\t\t\t\t<div class=\"eltdf-pli-text-inner\">\n\t\t\t\t\t    <h5 itemprop=\"name\" class=\"entry-title eltdf-pli-title\" >\n\t\t<a itemprop=\"url\" href=\"https:\/\/baccandrain.fr\/index.php\/product\/t-shirt-en-coton-bio-enfant-bouledogue-anglais\/\">T-shirt en coton bio enfant: \u00ab Bouledogue anglais \u00bb<\/a>\n\t<\/h5>\n\t\t\t\t\t\n\t\t\t\t\t\t\t<p class=\"eltdf-pli-category\"><a href=\"https:\/\/baccandrain.fr\/index.php\/product-category\/animaux\/\" rel=\"tag\">animaux<\/a>, <a href=\"https:\/\/baccandrain.fr\/index.php\/product-category\/kids\/\" rel=\"tag\">kids<\/a>, <a href=\"https:\/\/baccandrain.fr\/index.php\/product-category\/tshirt\/\" rel=\"tag\">T-Shirt<\/a>, <a href=\"https:\/\/baccandrain.fr\/index.php\/product-category\/unisex\/\" rel=\"tag\">Unisex<\/a><\/p>\n\t\t\t\t\t\t\n\t\t\t\t\t\t\t\t\t\t\n\t\t\t\t\t\t\t\t\t\t\n\t\t\t\t\t\t<div class=\"eltdf-pli-price\" ><span class=\"woocommerce-Price-amount amount\">18,50&nbsp;<span class=\"woocommerce-Price-currencySymbol\">&euro;<\/span><\/span><\/div>\n\n                    <div class=\"eltdf-pli-icons-holder\">\n                        \t\n\t<div class=\"eltdf-pli-add-to-cart eltdf-default-skin \" >\n\t\t<a rel=\"nofollow\" href=\"https:\/\/baccandrain.fr\/index.php\/product\/t-shirt-en-coton-bio-enfant-bouledogue-anglais\/\" data-quantity=\"1\" data-product_id=\"12413\" data-product_sku=\"\" class=\"button product_type_variable add_to_cart_button eltdf-button\">Choix des options<\/a>\t<\/div>\n\n<div\n\tclass=\"yith-wcwl-add-to-wishlist add-to-wishlist-12413 yith-wcwl-add-to-wishlist--link-style wishlist-fragment on-first-load\"\n\tdata-fragment-ref=\"12413\"\n\tdata-fragment-options=\"{&quot;base_url&quot;:&quot;&quot;,&quot;product_id&quot;:12413,&quot;parent_product_id&quot;:0,&quot;product_type&quot;:&quot;variable&quot;,&quot;is_single&quot;:false,&quot;in_default_wishlist&quot;:false,&quot;show_view&quot;:false,&quot;browse_wishlist_text&quot;:&quot;Browse wishlist&quot;,&quot;already_in_wishslist_text&quot;:&quot;The product is already in your wishlist!&quot;,&quot;product_added_text&quot;:&quot;Product added!&quot;,&quot;available_multi_wishlist&quot;:false,&quot;disable_wishlist&quot;:false,&quot;show_count&quot;:false,&quot;ajax_loading&quot;:false,&quot;loop_position&quot;:&quot;after_add_to_cart&quot;,&quot;item&quot;:&quot;add_to_wishlist&quot;}\"\n>\n\t<\/div>\n\n                    <\/div>\n                <\/div>\n\t\t\t<\/div>\n\t\t<\/div>\n\t\t<a class=\"eltdf-pli-link\" itemprop=\"url\" href=\"https:\/\/baccandrain.fr\/index.php\/product\/t-shirt-en-coton-bio-enfant-bouledogue-anglais\/\" title=\"T-shirt en coton bio enfant: \u00ab Bouledogue anglais \u00bb\"><\/a>\n\t<\/div>\n<\/div><div class=\"eltdf-pli eltdf-item-space \">\n\t<div class=\"eltdf-pli-inner\">\n\t\t<div class=\"eltdf-pli-image\">\n\t\t\t\n<img loading=\"lazy\" decoding=\"async\" width=\"2000\" height=\"2000\" src=\"https:\/\/baccandrain.fr\/wp-content\/uploads\/2025\/09\/kids-eco-hoodie-burnt-orange-front-68c6dfea7fb19.jpg\" class=\"attachment-full size-full wp-post-image\" alt=\"\" srcset=\"https:\/\/baccandrain.fr\/wp-content\/uploads\/2025\/09\/kids-eco-hoodie-burnt-orange-front-68c6dfea7fb19.jpg 2000w, https:\/\/baccandrain.fr\/wp-content\/uploads\/2025\/09\/kids-eco-hoodie-burnt-orange-front-68c6dfea7fb19-300x300.jpg 300w, https:\/\/baccandrain.fr\/wp-content\/uploads\/2025\/09\/kids-eco-hoodie-burnt-orange-front-68c6dfea7fb19-1024x1024.jpg 1024w, https:\/\/baccandrain.fr\/wp-content\/uploads\/2025\/09\/kids-eco-hoodie-burnt-orange-front-68c6dfea7fb19-150x150.jpg 150w, https:\/\/baccandrain.fr\/wp-content\/uploads\/2025\/09\/kids-eco-hoodie-burnt-orange-front-68c6dfea7fb19-768x768.jpg 768w, https:\/\/baccandrain.fr\/wp-content\/uploads\/2025\/09\/kids-eco-hoodie-burnt-orange-front-68c6dfea7fb19-1536x1536.jpg 1536w, https:\/\/baccandrain.fr\/wp-content\/uploads\/2025\/09\/kids-eco-hoodie-burnt-orange-front-68c6dfea7fb19-650x650.jpg 650w, https:\/\/baccandrain.fr\/wp-content\/uploads\/2025\/09\/kids-eco-hoodie-burnt-orange-front-68c6dfea7fb19-1300x1300.jpg 1300w, https:\/\/baccandrain.fr\/wp-content\/uploads\/2025\/09\/kids-eco-hoodie-burnt-orange-front-68c6dfea7fb19-600x600.jpg 600w, https:\/\/baccandrain.fr\/wp-content\/uploads\/2025\/09\/kids-eco-hoodie-burnt-orange-front-68c6dfea7fb19-100x100.jpg 100w\" sizes=\"auto, (max-width: 2000px) 100vw, 2000px\" \/>\t\t<\/div>\n\t\t<div class=\"eltdf-pli-text\" >\n\t\t\t<div class=\"eltdf-pli-text-outer\">\n\t\t\t\t<div class=\"eltdf-pli-text-inner\">\n\t\t\t\t\t    <h5 itemprop=\"name\" class=\"entry-title eltdf-pli-title\" >\n\t\t<a itemprop=\"url\" href=\"https:\/\/baccandrain.fr\/index.php\/product\/sweat-a-capuche-ecologique-pour-enfants-renard\/\">Sweat \u00e0 capuche \u00e9cologique pour enfants: \u00ab\u00a0Renard\u00a0\u00bb<\/a>\n\t<\/h5>\n\t\t\t\t\t\n\t\t\t\t\t\t\t<p class=\"eltdf-pli-category\"><a href=\"https:\/\/baccandrain.fr\/index.php\/product-category\/animaux\/\" rel=\"tag\">animaux<\/a>, <a href=\"https:\/\/baccandrain.fr\/index.php\/product-category\/kids\/\" rel=\"tag\">kids<\/a>, <a href=\"https:\/\/baccandrain.fr\/index.php\/product-category\/unisex\/\" rel=\"tag\">Unisex<\/a><\/p>\n\t\t\t\t\t\t\n\t\t\t\t\t\t\t\t\t\t\n\t\t\t\t\t\t\t\t\t\t\n\t\t\t\t\t\t<div class=\"eltdf-pli-price\" ><span class=\"woocommerce-Price-amount amount\">32,50&nbsp;<span class=\"woocommerce-Price-currencySymbol\">&euro;<\/span><\/span><\/div>\n\n                    <div class=\"eltdf-pli-icons-holder\">\n                        \t\n\t<div class=\"eltdf-pli-add-to-cart eltdf-default-skin \" >\n\t\t<a rel=\"nofollow\" href=\"https:\/\/baccandrain.fr\/index.php\/product\/sweat-a-capuche-ecologique-pour-enfants-renard\/\" data-quantity=\"1\" data-product_id=\"12425\" data-product_sku=\"\" class=\"button product_type_variable add_to_cart_button eltdf-button\">Choix des options<\/a>\t<\/div>\n\n<div\n\tclass=\"yith-wcwl-add-to-wishlist add-to-wishlist-12425 yith-wcwl-add-to-wishlist--link-style wishlist-fragment on-first-load\"\n\tdata-fragment-ref=\"12425\"\n\tdata-fragment-options=\"{&quot;base_url&quot;:&quot;&quot;,&quot;product_id&quot;:12425,&quot;parent_product_id&quot;:0,&quot;product_type&quot;:&quot;variable&quot;,&quot;is_single&quot;:false,&quot;in_default_wishlist&quot;:false,&quot;show_view&quot;:false,&quot;browse_wishlist_text&quot;:&quot;Browse wishlist&quot;,&quot;already_in_wishslist_text&quot;:&quot;The product is already in your wishlist!&quot;,&quot;product_added_text&quot;:&quot;Product added!&quot;,&quot;available_multi_wishlist&quot;:false,&quot;disable_wishlist&quot;:false,&quot;show_count&quot;:false,&quot;ajax_loading&quot;:false,&quot;loop_position&quot;:&quot;after_add_to_cart&quot;,&quot;item&quot;:&quot;add_to_wishlist&quot;}\"\n>\n\t<\/div>\n\n                    <\/div>\n                <\/div>\n\t\t\t<\/div>\n\t\t<\/div>\n\t\t<a class=\"eltdf-pli-link\" itemprop=\"url\" href=\"https:\/\/baccandrain.fr\/index.php\/product\/sweat-a-capuche-ecologique-pour-enfants-renard\/\" title=\"Sweat \u00e0 capuche \u00e9cologique pour enfants: \u00ab\u00a0Renard\u00a0\u00bb\"><\/a>\n\t<\/div>\n<\/div>\t<\/div>\n<\/div>[\/vc_column][\/vc_row]<\/p>\n<\/section>","protected":false},"excerpt":{"rendered":"<p>[vc_row][vc_column][\/vc_column][\/vc_row]<\/p>\n","protected":false},"author":1,"featured_media":0,"parent":0,"menu_order":0,"comment_status":"closed","ping_status":"closed","template":"","meta":{"footnotes":""},"class_list":["post-11010","page","type-page","status-publish","hentry"],"jetpack_sharing_enabled":true,"_links":{"self":[{"href":"https:\/\/baccandrain.fr\/index.php\/wp-json\/wp\/v2\/pages\/11010","targetHints":{"allow":["GET"]}}],"collection":[{"href":"https:\/\/baccandrain.fr\/index.php\/wp-json\/wp\/v2\/pages"}],"about":[{"href":"https:\/\/baccandrain.fr\/index.php\/wp-json\/wp\/v2\/types\/page"}],"author":[{"embeddable":true,"href":"https:\/\/baccandrain.fr\/index.php\/wp-json\/wp\/v2\/users\/1"}],"replies":[{"embeddable":true,"href":"https:\/\/baccandrain.fr\/index.php\/wp-json\/wp\/v2\/comments?post=11010"}],"version-history":[{"count":5,"href":"https:\/\/baccandrain.fr\/index.php\/wp-json\/wp\/v2\/pages\/11010\/revisions"}],"predecessor-version":[{"id":11018,"href":"https:\/\/baccandrain.fr\/index.php\/wp-json\/wp\/v2\/pages\/11010\/revisions\/11018"}],"wp:attachment":[{"href":"https:\/\/baccandrain.fr\/index.php\/wp-json\/wp\/v2\/media?parent=11010"}],"curies":[{"name":"wp","href":"https:\/\/api.w.org\/{rel}","templated":true}]}}