{"id":11081,"date":"2024-03-31T12:03:51","date_gmt":"2024-03-31T12:03:51","guid":{"rendered":"https:\/\/baccandrain.fr\/index.php\/product\/bouledogue-francais-body-en-coton-bio-bebe\/"},"modified":"2025-09-14T15:39:12","modified_gmt":"2025-09-14T15:39:12","slug":"bouledogue-francais-body-en-coton-bio-bebe","status":"publish","type":"product","link":"https:\/\/baccandrain.fr\/index.php\/product\/bouledogue-francais-body-en-coton-bio-bebe\/","title":{"rendered":"Bouledogue fran\u00e7ais: Body en coton bio b\u00e9b\u00e9"},"content":{"rendered":"<p>Fabriqu\u00e9 \u00e0 100\u00a0% en coton biologique certifi\u00e9, ce body confortable sera un premier pas vers un style de vie plus \u00e9cologique. Avec son tissu extra doux et extensible, et son encolure d\u00e9gag\u00e9e, il sera parfait pour tous les b\u00e9b\u00e9s actifs.<\/p>\n<p>\u2022 100\u00a0%\u00a0coton biologique certifi\u00e9<br \/>\n\u2022 Tissu doux et \u00e9lastique<br \/>\n\u2022 3\u00a0boutons-pression sans nickel, de couleur naturelle, \u00e0 l&rsquo;entrejambe<br \/>\n\u2022 Encolure d\u00e9gag\u00e9e<br \/>\n\u2022 Poids du tissu\u00a0: 200\u00a0g\/m\u00b2 (5,9\u00a0oz\/yd\u00b2)<br \/>\n\u2022 Bordures au cou, aux bras et aux jambes pour un bon maintien<\/p>\n","protected":false},"excerpt":{"rendered":"<p>Fabriqu\u00e9 \u00e0 100\u00a0% en coton biologique certifi\u00e9, ce body confortable sera un premier pas vers un style de vie plus \u00e9cologique. Avec son tissu extra doux et extensible, et son encolure d\u00e9gag\u00e9e, il sera parfait pour tous les b\u00e9b\u00e9s actifs. \u2022 100\u00a0%\u00a0coton biologique certifi\u00e9 \u2022 Tissu doux et \u00e9lastique \u2022 3\u00a0boutons-pression sans nickel, de couleur naturelle, \u00e0 l&rsquo;entrejambe \u2022 Encolure d\u00e9gag\u00e9e \u2022 Poids du tissu\u00a0: 200\u00a0g\/m\u00b2 (5,9\u00a0oz\/yd\u00b2) \u2022 Bordures au cou, aux bras et aux jambes pour un bon maintien<\/p>\n","protected":false},"featured_media":11090,"template":"","meta":[],"product_brand":[],"product_cat":[133,149],"product_tag":[],"class_list":{"0":"post-11081","1":"product","2":"type-product","3":"status-publish","4":"has-post-thumbnail","6":"product_cat-animaux","7":"product_cat-kids","9":"first","10":"instock","11":"purchasable","12":"product-type-variable"},"jetpack_sharing_enabled":true,"_links":{"self":[{"href":"https:\/\/baccandrain.fr\/index.php\/wp-json\/wp\/v2\/product\/11081","targetHints":{"allow":["GET"]}}],"collection":[{"href":"https:\/\/baccandrain.fr\/index.php\/wp-json\/wp\/v2\/product"}],"about":[{"href":"https:\/\/baccandrain.fr\/index.php\/wp-json\/wp\/v2\/types\/product"}],"wp:featuredmedia":[{"embeddable":true,"href":"https:\/\/baccandrain.fr\/index.php\/wp-json\/wp\/v2\/media\/11090"}],"wp:attachment":[{"href":"https:\/\/baccandrain.fr\/index.php\/wp-json\/wp\/v2\/media?parent=11081"}],"wp:term":[{"taxonomy":"product_brand","embeddable":true,"href":"https:\/\/baccandrain.fr\/index.php\/wp-json\/wp\/v2\/product_brand?post=11081"},{"taxonomy":"product_cat","embeddable":true,"href":"https:\/\/baccandrain.fr\/index.php\/wp-json\/wp\/v2\/product_cat?post=11081"},{"taxonomy":"product_tag","embeddable":true,"href":"https:\/\/baccandrain.fr\/index.php\/wp-json\/wp\/v2\/product_tag?post=11081"}],"curies":[{"name":"wp","href":"https:\/\/api.w.org\/{rel}","templated":true}]}}