{"id":12059,"date":"2025-09-07T10:19:42","date_gmt":"2025-09-07T10:19:42","guid":{"rendered":"https:\/\/baccandrain.fr\/index.php\/product\/t-shirt-unisexe-en-coton-bio-lapin\/"},"modified":"2025-09-14T15:37:17","modified_gmt":"2025-09-14T15:37:17","slug":"t-shirt-unisexe-en-coton-bio-lapin","status":"publish","type":"product","link":"https:\/\/baccandrain.fr\/index.php\/product\/t-shirt-unisexe-en-coton-bio-lapin\/","title":{"rendered":"T-shirt unisexe en coton bio \u00ab Lapin \u00bb"},"content":{"rendered":"<p>Fabriqu\u00e9 \u00e0 100\u00a0% en coton biologique fil\u00e9 \u00e0 l&rsquo;anneau, ce t-shirt unisexe est un incontournable. Il est de haute qualit\u00e9, super confortable et le meilleur de tout\u00a0: \u00e9cologique.<\/p>\n<p>\u2022 100\u00a0%\u00a0coton biologique fil\u00e9 \u00e0 l&rsquo;anneau<br \/>\n\u2022 Poids du tissu\u00a0: 180\u00a0g\/m\u00b2 (5,3\u00a0oz\/yd\u00b2)<br \/>\n\u2022 Jersey simple<br \/>\n\u2022 Coupe moyenne<br \/>\n\u2022 Manches mont\u00e9es<br \/>\n\u2022 C\u00f4te 1\u00a0\u00d7 1 au col<br \/>\n\u2022 Surpiq\u00fbre double large sur les ourlets des manches et du bas<br \/>\n\u2022 Bande d&rsquo;encolure en tissu assorti (int\u00e9rieur, arri\u00e8re du cou)<br \/>\n\u2022 Le tissu de ce produit d\u00e9tient des certifications pour sa teneur en coton biologique selon GOTS (Global Organic Textile Standard) et OCS (Organic Content Standard)<br \/>\n\u2022 Le tissu de ce produit est certifi\u00e9 OEKO-TEX Standard\u00a0100 et approuv\u00e9 par PETA comme \u00e9tant Vegan<br \/>\n\u2022 Produit vierge provenant du Bangladesh<\/p>\n<p>Les tailles correspondent \u00e0 une taille plus petite sur le march\u00e9 am\u00e9ricain, les clients am\u00e9ricains doivent donc commander une taille au-dessus aux \u00c9tats-Unis.<\/p>\n<p>\u2022 Tra\u00e7abilit\u00e9\u00a0:<br \/>\n&#8211; Tissage : Bangladesh<br \/>\n&#8211; Teinture : Bangladesh<br \/>\n&#8211; Fabrication : Bangladesh<br \/>\n\u2022 Contient 0\u00a0% de polyester recycl\u00e9<br \/>\n\u2022 Contient 0\u00a0% de substances dangereuses<\/p>\n","protected":false},"excerpt":{"rendered":"<p>Fabriqu\u00e9 \u00e0 100\u00a0% en coton biologique fil\u00e9 \u00e0 l&rsquo;anneau, ce t-shirt unisexe est un incontournable. Il est de haute qualit\u00e9, super confortable et le meilleur de tout\u00a0: \u00e9cologique. \u2022 100\u00a0%\u00a0coton biologique fil\u00e9 \u00e0 l&rsquo;anneau \u2022 Poids du tissu\u00a0: 180\u00a0g\/m\u00b2 (5,3\u00a0oz\/yd\u00b2) \u2022 Jersey simple \u2022 Coupe moyenne \u2022 Manches mont\u00e9es \u2022 C\u00f4te 1\u00a0\u00d7 1 au col \u2022 Surpiq\u00fbre double large sur les ourlets des manches et du bas \u2022 Bande d&rsquo;encolure en tissu assorti (int\u00e9rieur, arri\u00e8re du cou) \u2022 Le tissu de ce produit d\u00e9tient des certifications pour sa teneur en coton biologique selon GOTS (Global Organic Textile Standard) et OCS (Organic Content Standard) \u2022 Le tissu de ce produit est certifi\u00e9 OEKO-TEX Standard\u00a0100 et approuv\u00e9 par PETA comme \u00e9tant Vegan \u2022 Produit vierge provenant du Bangladesh Les tailles correspondent \u00e0 une taille plus petite sur le march\u00e9 am\u00e9ricain, les clients am\u00e9ricains doivent donc commander une taille au-dessus aux \u00c9tats-Unis. \u2022 Tra\u00e7abilit\u00e9\u00a0: &#8211; Tissage : Bangladesh &#8211; Teinture : Bangladesh &#8211; Fabrication : Bangladesh \u2022 Contient 0\u00a0% de polyester recycl\u00e9 \u2022 Contient 0\u00a0% de substances dangereuses<\/p>\n","protected":false},"featured_media":12137,"template":"","meta":[],"product_brand":[],"product_cat":[133,132,172,131,171],"product_tag":[],"class_list":{"0":"post-12059","1":"product","2":"type-product","3":"status-publish","4":"has-post-thumbnail","6":"product_cat-animaux","7":"product_cat-femme","8":"product_cat-homme","9":"product_cat-tshirt","10":"product_cat-unisex","12":"first","13":"instock","14":"purchasable","15":"product-type-variable"},"jetpack_sharing_enabled":true,"_links":{"self":[{"href":"https:\/\/baccandrain.fr\/index.php\/wp-json\/wp\/v2\/product\/12059","targetHints":{"allow":["GET"]}}],"collection":[{"href":"https:\/\/baccandrain.fr\/index.php\/wp-json\/wp\/v2\/product"}],"about":[{"href":"https:\/\/baccandrain.fr\/index.php\/wp-json\/wp\/v2\/types\/product"}],"wp:featuredmedia":[{"embeddable":true,"href":"https:\/\/baccandrain.fr\/index.php\/wp-json\/wp\/v2\/media\/12137"}],"wp:attachment":[{"href":"https:\/\/baccandrain.fr\/index.php\/wp-json\/wp\/v2\/media?parent=12059"}],"wp:term":[{"taxonomy":"product_brand","embeddable":true,"href":"https:\/\/baccandrain.fr\/index.php\/wp-json\/wp\/v2\/product_brand?post=12059"},{"taxonomy":"product_cat","embeddable":true,"href":"https:\/\/baccandrain.fr\/index.php\/wp-json\/wp\/v2\/product_cat?post=12059"},{"taxonomy":"product_tag","embeddable":true,"href":"https:\/\/baccandrain.fr\/index.php\/wp-json\/wp\/v2\/product_tag?post=12059"}],"curies":[{"name":"wp","href":"https:\/\/api.w.org\/{rel}","templated":true}]}}