{"id":12413,"date":"2025-09-14T15:25:00","date_gmt":"2025-09-14T15:25:00","guid":{"rendered":"https:\/\/baccandrain.fr\/index.php\/product\/t-shirt-en-coton-bio-enfant-bouledogue-anglais\/"},"modified":"2025-09-14T15:36:32","modified_gmt":"2025-09-14T15:36:32","slug":"t-shirt-en-coton-bio-enfant-bouledogue-anglais","status":"publish","type":"product","link":"https:\/\/baccandrain.fr\/index.php\/product\/t-shirt-en-coton-bio-enfant-bouledogue-anglais\/","title":{"rendered":"T-shirt en coton bio enfant: \u00ab Bouledogue anglais \u00bb"},"content":{"rendered":"<p>Habillez vos enfants dans un t-shirt tout mignon, super confortable, et fait de tissus naturels\u00a0! Ce t-shirt 100\u00a0% coton bio va vite devenir leur pr\u00e9f\u00e9r\u00e9 !<\/p>\n<p>\u2022 100\u00a0% biologique coton peign\u00e9 <br \/>\n\u2022 Poids du tissu\u00a0: 129,56 g\/yd\u00b2 (155 g\/m\u00b2)<br \/>\n\u2022 Jersey simple<br \/>\n\u2022\u00a0Coupe semi-ajust\u00e9e<br \/>\n\u2022 Manches mont\u00e9es<br \/>\n\u2022 Col en c\u00f4te 1\u00d71 <br \/>\n\u2022 Double surpiq\u00fbre \u00e9troite sur les manches et les ourlets inf\u00e9rieurs<br \/>\n\u2022 Renfort assorti au cou (int\u00e9rieur, dos)<br \/>\n\u2022 Produit vierge provenant du Bangladesh<\/p>\n","protected":false},"excerpt":{"rendered":"<p>Habillez vos enfants dans un t-shirt tout mignon, super confortable, et fait de tissus naturels\u00a0! Ce t-shirt 100\u00a0% coton bio va vite devenir leur pr\u00e9f\u00e9r\u00e9 ! \u2022 100\u00a0% biologique coton peign\u00e9 \u2022 Poids du tissu\u00a0: 129,56 g\/yd\u00b2 (155 g\/m\u00b2) \u2022 Jersey simple \u2022\u00a0Coupe semi-ajust\u00e9e \u2022 Manches mont\u00e9es \u2022 Col en c\u00f4te 1\u00d71 \u2022 Double surpiq\u00fbre \u00e9troite sur les manches et les ourlets inf\u00e9rieurs \u2022 Renfort assorti au cou (int\u00e9rieur, dos) \u2022 Produit vierge provenant du Bangladesh<\/p>\n","protected":false},"featured_media":12421,"template":"","meta":[],"product_brand":[],"product_cat":[133,149,131,171],"product_tag":[],"class_list":{"0":"post-12413","1":"product","2":"type-product","3":"status-publish","4":"has-post-thumbnail","6":"product_cat-animaux","7":"product_cat-kids","8":"product_cat-tshirt","9":"product_cat-unisex","11":"first","12":"instock","13":"purchasable","14":"product-type-variable"},"jetpack_sharing_enabled":true,"_links":{"self":[{"href":"https:\/\/baccandrain.fr\/index.php\/wp-json\/wp\/v2\/product\/12413","targetHints":{"allow":["GET"]}}],"collection":[{"href":"https:\/\/baccandrain.fr\/index.php\/wp-json\/wp\/v2\/product"}],"about":[{"href":"https:\/\/baccandrain.fr\/index.php\/wp-json\/wp\/v2\/types\/product"}],"wp:featuredmedia":[{"embeddable":true,"href":"https:\/\/baccandrain.fr\/index.php\/wp-json\/wp\/v2\/media\/12421"}],"wp:attachment":[{"href":"https:\/\/baccandrain.fr\/index.php\/wp-json\/wp\/v2\/media?parent=12413"}],"wp:term":[{"taxonomy":"product_brand","embeddable":true,"href":"https:\/\/baccandrain.fr\/index.php\/wp-json\/wp\/v2\/product_brand?post=12413"},{"taxonomy":"product_cat","embeddable":true,"href":"https:\/\/baccandrain.fr\/index.php\/wp-json\/wp\/v2\/product_cat?post=12413"},{"taxonomy":"product_tag","embeddable":true,"href":"https:\/\/baccandrain.fr\/index.php\/wp-json\/wp\/v2\/product_tag?post=12413"}],"curies":[{"name":"wp","href":"https:\/\/api.w.org\/{rel}","templated":true}]}}